{"id":38,"date":"2017-11-24T09:29:02","date_gmt":"2017-11-24T09:29:02","guid":{"rendered":"http:\/\/social-media-strategy.aula.uoc.edu\/equip\/?page_id=38"},"modified":"2022-11-18T18:52:36","modified_gmt":"2022-11-18T18:52:36","slug":"1-1-introduccion","status":"publish","type":"page","link":"http:\/\/social-media-strategy.aula.uoc.edu\/equip\/es\/1-1-introduccion\/","title":{"rendered":"1.1. Introducci\u00f3n"},"content":{"rendered":"<p>Como hemos mencionado, la figura de la persona <em>social media manager<\/em>\u00a0se encuentra en la c\u00faspide de la pir\u00e1mide organizacional del sector. La raz\u00f3n es muy sencilla: su perfil evoca una persona con unas cualidades profesionales espec\u00edficas que le permiten establecer la estrategia social de la empresa.<\/p>\n<div class=\"featured featured-blue\"><p>Por eso, siempre se dice que la <em>social media manager<\/em> establece las l\u00edneas de actuaci\u00f3n para cumplir los objetivos de la compa\u00f1\u00eda, mientras que la <strong><em>community manager <\/em><\/strong>las ejecuta.<\/p>\n<div style=\"clear:both\"><\/div><\/div>\n<p>Dado que su misi\u00f3n es m\u00e1s estrat\u00e9gica, como hemos comentado, es l\u00f3gico que se apoyen en los roles que le otorgan criterios objetivos para reforzar las decisiones que fortalezcan a la marca. Es por eso que lo l\u00f3gico es que su figura se apoye en la parte estrat\u00e9gica de una <em>social media strategist<\/em>, y en la de una <em>social media analyst<\/em>. Existe tambi\u00e9n una corriente que considera que una <em>social media manager<\/em> solo deber\u00eda existir cuando a esa figura le reportan varias\u00a0<em>communities<\/em>, pero la realidad es que ambos perfiles se complementan y pueden \u2013o deben\u2013 existir, perfectamente sincronizados, aunque solo se den en proporci\u00f3n de una\u00a0<em>social media manager<\/em>\u00a0por <em>community manager<\/em>.<\/p>\n","protected":false},"excerpt":{"rendered":"<p>Como hemos mencionado, la figura de la persona social media manager\u00a0se encuentra en la c\u00faspide de la pir\u00e1mide organizacional del sector. La raz\u00f3n es muy sencilla: su perfil evoca una persona con unas cualidades profesionales espec\u00edficas que le permiten establecer la estrategia social de la empresa. Dado que su misi\u00f3n es m\u00e1s estrat\u00e9gica, como hemos [&hellip;]<\/p>\n","protected":false},"author":1,"featured_media":0,"parent":0,"menu_order":0,"comment_status":"closed","ping_status":"closed","template":"","meta":[],"acf":[],"_links":{"self":[{"href":"http:\/\/social-media-strategy.aula.uoc.edu\/equip\/es\/wp-json\/wp\/v2\/pages\/38"}],"collection":[{"href":"http:\/\/social-media-strategy.aula.uoc.edu\/equip\/es\/wp-json\/wp\/v2\/pages"}],"about":[{"href":"http:\/\/social-media-strategy.aula.uoc.edu\/equip\/es\/wp-json\/wp\/v2\/types\/page"}],"author":[{"embeddable":true,"href":"http:\/\/social-media-strategy.aula.uoc.edu\/equip\/es\/wp-json\/wp\/v2\/users\/1"}],"replies":[{"embeddable":true,"href":"http:\/\/social-media-strategy.aula.uoc.edu\/equip\/es\/wp-json\/wp\/v2\/comments?post=38"}],"version-history":[{"count":9,"href":"http:\/\/social-media-strategy.aula.uoc.edu\/equip\/es\/wp-json\/wp\/v2\/pages\/38\/revisions"}],"predecessor-version":[{"id":278,"href":"http:\/\/social-media-strategy.aula.uoc.edu\/equip\/es\/wp-json\/wp\/v2\/pages\/38\/revisions\/278"}],"wp:attachment":[{"href":"http:\/\/social-media-strategy.aula.uoc.edu\/equip\/es\/wp-json\/wp\/v2\/media?parent=38"}],"curies":[{"name":"wp","href":"https:\/\/api.w.org\/{rel}","templated":true}]}}