{"id":161,"date":"2021-01-27T14:27:40","date_gmt":"2021-01-27T14:27:40","guid":{"rendered":"http:\/\/social-media-strategy.aula.uoc.edu\/equip\/?page_id=161"},"modified":"2021-01-28T13:03:02","modified_gmt":"2021-01-28T13:03:02","slug":"3-2-5-social-media-advertiser","status":"publish","type":"page","link":"http:\/\/social-media-strategy.aula.uoc.edu\/equip\/es\/3-2-5-social-media-advertiser\/","title":{"rendered":"3.2.5. <em>Social media advertiser<\/em>"},"content":{"rendered":"<p>Si como hemos dicho, el alcance org\u00e1nico de una pieza publicada termina al poco tiempo de publicarla y el algoritmo deja de mostrarla y de obtener, por ello, interacciones, se ha de valorar si la pieza requiere una inversi\u00f3n econ\u00f3mica para pagar a la plataforma porque sea visualizada.<\/p>\n<div class=\"featured featured-blue\"><\/p>\n<p>El perfil <strong><em>social media advertiser<\/em><\/strong> es aquel que dominar\u00e1 las interfaces de los <em>social ads<\/em> con las especificaciones propias de cada uno de los soportes. Conocer\u00e1 c\u00f3mo definir las audiencias, c\u00f3mo pujar y c\u00f3mo obtener el mayor rendimiento posible para alcanzar el mayor volumen de impresiones de la pieza o de interacciones, dependiendo de cu\u00e1l sea el objetivo.<\/p>\n<p>\n<div style=\"clear:both\"><\/div><\/div>\n<p>Aunque, como hemos comentado, es muy interesante que la persona <em>social media manager<\/em> tenga conocimientos de publicidad social, la figura de la persona <em>advertiser <\/em>enriquecer\u00e1 la acci\u00f3n al lograr el m\u00e1ximo rendimiento a la cantidad invertida. Por supuesto, controlar\u00e1 para ello su propia tabla de KPI de seguimiento e informar\u00e1 a su superior o superiora de los resultados obtenidos.<\/p>\n","protected":false},"excerpt":{"rendered":"<p>Si como hemos dicho, el alcance org\u00e1nico de una pieza publicada termina al poco tiempo de publicarla y el algoritmo deja de mostrarla y de obtener, por ello, interacciones, se ha de valorar si la pieza requiere una inversi\u00f3n econ\u00f3mica para pagar a la plataforma porque sea visualizada. Aunque, como hemos comentado, es muy interesante [&hellip;]<\/p>\n","protected":false},"author":1,"featured_media":0,"parent":0,"menu_order":0,"comment_status":"closed","ping_status":"closed","template":"","meta":[],"acf":[],"_links":{"self":[{"href":"http:\/\/social-media-strategy.aula.uoc.edu\/equip\/es\/wp-json\/wp\/v2\/pages\/161"}],"collection":[{"href":"http:\/\/social-media-strategy.aula.uoc.edu\/equip\/es\/wp-json\/wp\/v2\/pages"}],"about":[{"href":"http:\/\/social-media-strategy.aula.uoc.edu\/equip\/es\/wp-json\/wp\/v2\/types\/page"}],"author":[{"embeddable":true,"href":"http:\/\/social-media-strategy.aula.uoc.edu\/equip\/es\/wp-json\/wp\/v2\/users\/1"}],"replies":[{"embeddable":true,"href":"http:\/\/social-media-strategy.aula.uoc.edu\/equip\/es\/wp-json\/wp\/v2\/comments?post=161"}],"version-history":[{"count":3,"href":"http:\/\/social-media-strategy.aula.uoc.edu\/equip\/es\/wp-json\/wp\/v2\/pages\/161\/revisions"}],"predecessor-version":[{"id":293,"href":"http:\/\/social-media-strategy.aula.uoc.edu\/equip\/es\/wp-json\/wp\/v2\/pages\/161\/revisions\/293"}],"wp:attachment":[{"href":"http:\/\/social-media-strategy.aula.uoc.edu\/equip\/es\/wp-json\/wp\/v2\/media?parent=161"}],"curies":[{"name":"wp","href":"https:\/\/api.w.org\/{rel}","templated":true}]}}