{"id":159,"date":"2021-01-27T14:27:01","date_gmt":"2021-01-27T14:27:01","guid":{"rendered":"http:\/\/social-media-strategy.aula.uoc.edu\/equip\/?page_id=159"},"modified":"2022-11-19T09:41:55","modified_gmt":"2022-11-19T09:41:55","slug":"3-2-4-social-media-seo","status":"publish","type":"page","link":"http:\/\/social-media-strategy.aula.uoc.edu\/equip\/es\/3-2-4-social-media-seo\/","title":{"rendered":"3.2.4. <em>Social media SEO<\/em>"},"content":{"rendered":"<p>En los or\u00edgenes de las redes sociales, las marcas invert\u00edan en crear comunidades de un gran n\u00famero de\u00a0 seguidoras porque, cuando publicaban un contenido, este siempre era mostrado gratuitamente a sus fans o seguidoras. Ahora, sin embargo, la red solo muestra, de manera org\u00e1nica, la publicaci\u00f3n a aquellas seguidoras que est\u00e9n conectadas en el momento de lanzarla o porque alcanza un gran volumen de interacci\u00f3n.<\/p>\n<p>Fuera de ellos, si se quiere conseguir un mayor alcance, se ha de recurrir a promocionarlo econ\u00f3micamente con la figura, como veremos, de la <em>social media advertiser<\/em>.<\/p>\n<div class=\"featured featured-blue\"><p>Una <strong>social media SEO,<\/strong> o <strong>SEO social,<\/strong> es quien estudia el tr\u00e1fico de las palabras clave, conoce los vol\u00famenes de b\u00fasqueda y apoya a la <em>community<\/em> y a la estrategia estableciendo qu\u00e9 palabras clave incluir en el contenido (texto, etiquetas y <em>hashtags<\/em>) para que este maximice su impacto org\u00e1nico y sea, adem\u00e1s, encontrado gratuitamente por la audiencia que est\u00e1 busc\u00e1ndolo.<\/p>\n<div style=\"clear:both\"><\/div><\/div>\n<p>Por ejemplo, si la empresa vende vinilos para decorar una casa, la <em>social media SEO<\/em> advertir\u00e1 a la <em>community<\/em> que ha de usar <em>hashtags<\/em> como <em>#vinilosadhesivos<\/em> o <em>#vinilosdecorativos<\/em> por su adecuado volumen de b\u00fasquedas. De ese modo, las palabras actuar\u00e1n como \u00abanzuelos\u00bb para atrapar a la internauta y reconducirla al sitio web.<\/p>\n","protected":false},"excerpt":{"rendered":"<p>En los or\u00edgenes de las redes sociales, las marcas invert\u00edan en crear comunidades de un gran n\u00famero de\u00a0 seguidoras porque, cuando publicaban un contenido, este siempre era mostrado gratuitamente a sus fans o seguidoras. Ahora, sin embargo, la red solo muestra, de manera org\u00e1nica, la publicaci\u00f3n a aquellas seguidoras que est\u00e9n conectadas en el momento [&hellip;]<\/p>\n","protected":false},"author":1,"featured_media":0,"parent":0,"menu_order":0,"comment_status":"closed","ping_status":"closed","template":"","meta":[],"acf":[],"_links":{"self":[{"href":"http:\/\/social-media-strategy.aula.uoc.edu\/equip\/es\/wp-json\/wp\/v2\/pages\/159"}],"collection":[{"href":"http:\/\/social-media-strategy.aula.uoc.edu\/equip\/es\/wp-json\/wp\/v2\/pages"}],"about":[{"href":"http:\/\/social-media-strategy.aula.uoc.edu\/equip\/es\/wp-json\/wp\/v2\/types\/page"}],"author":[{"embeddable":true,"href":"http:\/\/social-media-strategy.aula.uoc.edu\/equip\/es\/wp-json\/wp\/v2\/users\/1"}],"replies":[{"embeddable":true,"href":"http:\/\/social-media-strategy.aula.uoc.edu\/equip\/es\/wp-json\/wp\/v2\/comments?post=159"}],"version-history":[{"count":4,"href":"http:\/\/social-media-strategy.aula.uoc.edu\/equip\/es\/wp-json\/wp\/v2\/pages\/159\/revisions"}],"predecessor-version":[{"id":292,"href":"http:\/\/social-media-strategy.aula.uoc.edu\/equip\/es\/wp-json\/wp\/v2\/pages\/159\/revisions\/292"}],"wp:attachment":[{"href":"http:\/\/social-media-strategy.aula.uoc.edu\/equip\/es\/wp-json\/wp\/v2\/media?parent=159"}],"curies":[{"name":"wp","href":"https:\/\/api.w.org\/{rel}","templated":true}]}}