{"id":7,"date":"2022-03-03T12:21:55","date_gmt":"2022-03-03T12:21:55","guid":{"rendered":"http:\/\/social-media-strategy.aula.uoc.edu\/accio\/?page_id=7"},"modified":"2022-03-09T10:07:08","modified_gmt":"2022-03-09T10:07:08","slug":"1-tipus-daccions","status":"publish","type":"page","link":"http:\/\/social-media-strategy.aula.uoc.edu\/accio\/","title":{"rendered":"1. Tipus d&#8217;accions"},"content":{"rendered":"<p>Un cop tenim clars els objectius, el nostre <em>target<\/em> i el nostre pressupost, definirem el <strong>conjunt d\u2019accions<\/strong> que durem a terme a les xarxes socials per aconseguir arribar als KPI marcats.<\/p>\n<p>Aquestes accions es divideixen, a grans trets, en dues categories:<\/p>\n<ol>\n<li><strong>Accions org\u00e0niques<\/strong>: s\u00f3n totes les accions i publicacions que fem a les xarxes socials i que no tenen cap mena d\u2019inversi\u00f3 publicit\u00e0ria associada. La majoria de comptes d\u2019empresa a les xarxes socials tenen el que es coneix com a <em>pla editorial<\/em>, que consisteix en publicacions regulars que segueixen un codi visual pr\u00e8viament definit i que construeixen sobre els valors de l\u2019empresa. El pla editorial \u00e9s \u00abla veu\u00bb de l\u2019empresa en el seu \u00abdia a dia\u00bb i sol conviure amb campanyes de publicitat que tenen una inversi\u00f3 al darrere. Alguns dels continguts org\u00e0nics poden, si s\u2019escau, tenir una inversi\u00f3 al darrere si veiem que estan funcionant molt b\u00e9 o si volem que arribin a m\u00e9s usuaris o aconseguir millors resultats. En aquest moment, aquest contingut inicialment org\u00e0nic, es transforma en un contingut pagat.<\/li>\n<li><strong>Accions de pagament o campanya de publicitat<\/strong>: quan invertim en publicitat a les xarxes socials pot ser d\u2019una manera puntual en publicacions que no formen part d\u2019una <a class=\"tooltip\" aria-describedby=\"popover\" href=\"javascript:void(0);\" data-toggle=\"popover\" data-placement=\"bottom\" data-content=\"Per exemple, un contingut del pla editorial que volem promocionar.\">campanya en concret<\/a> o com a part d\u2019una campanya de publicitat m\u00e9s extensa, amb una identitat visual pr\u00f2pia i una idea creativa espec\u00edfica.<\/li>\n<\/ol>\n<p>En el cas de la campanya de publicitat a les xarxes socials (com tamb\u00e9 passa en altres suports, com la televisi\u00f3 o la premsa), se sol comptar amb l\u2019anomenat <a href=\"http:\/\/social-media-strategy.aula.uoc.edu\/accio\/2-pla-de-mitjans\/\" target=\"_blank\" rel=\"noopener\"><strong><em>pla de mitjans<\/em><\/strong><\/a>, una planificaci\u00f3 que resumeix on, quan i amb quin objectiu invertirem el pressupost de publicitat.<\/p>\n","protected":false},"excerpt":{"rendered":"<p>Un cop tenim clars els objectius, el nostre target i el nostre pressupost, definirem el conjunt d\u2019accions que durem a terme a les xarxes socials per aconseguir arribar als KPI marcats. Aquestes accions es divideixen, a grans trets, en dues categories: Accions org\u00e0niques: s\u00f3n totes les accions i publicacions que fem a les xarxes socials [&hellip;]<\/p>\n","protected":false},"author":1,"featured_media":0,"parent":0,"menu_order":0,"comment_status":"closed","ping_status":"closed","template":"","meta":[],"acf":[],"_links":{"self":[{"href":"http:\/\/social-media-strategy.aula.uoc.edu\/accio\/wp-json\/wp\/v2\/pages\/7"}],"collection":[{"href":"http:\/\/social-media-strategy.aula.uoc.edu\/accio\/wp-json\/wp\/v2\/pages"}],"about":[{"href":"http:\/\/social-media-strategy.aula.uoc.edu\/accio\/wp-json\/wp\/v2\/types\/page"}],"author":[{"embeddable":true,"href":"http:\/\/social-media-strategy.aula.uoc.edu\/accio\/wp-json\/wp\/v2\/users\/1"}],"replies":[{"embeddable":true,"href":"http:\/\/social-media-strategy.aula.uoc.edu\/accio\/wp-json\/wp\/v2\/comments?post=7"}],"version-history":[{"count":3,"href":"http:\/\/social-media-strategy.aula.uoc.edu\/accio\/wp-json\/wp\/v2\/pages\/7\/revisions"}],"predecessor-version":[{"id":45,"href":"http:\/\/social-media-strategy.aula.uoc.edu\/accio\/wp-json\/wp\/v2\/pages\/7\/revisions\/45"}],"wp:attachment":[{"href":"http:\/\/social-media-strategy.aula.uoc.edu\/accio\/wp-json\/wp\/v2\/media?parent=7"}],"curies":[{"name":"wp","href":"https:\/\/api.w.org\/{rel}","templated":true}]}}